{"id":2449,"date":"2024-06-04T06:49:45","date_gmt":"2024-06-04T06:49:45","guid":{"rendered":"https:\/\/racodepaya.es\/?post_type=product&#038;p=2449"},"modified":"2024-09-20T09:17:06","modified_gmt":"2024-09-20T09:17:06","slug":"pack-6-botellas","status":"publish","type":"product","link":"https:\/\/racodepaya.es\/en\/product\/pack-6-botellas\/","title":{"rendered":"Aceite de oliva &#8211; Pack 6 botellas"},"content":{"rendered":"<p><strong>Aceite de oliva virgen extra ecol\u00f3gico &#8211; Pack 6 botellas:<\/strong><\/p>\n<p>&nbsp;<\/p>\n<ul>\n<li>Fruity olive oil 500 ml, cold-extracted.<\/li>\n<li>Organic, sustainable, traditional, and superior extra virgin olive oil.<\/li>\n<li>Alfafarenca olive, from the Font Roja park.<\/li>\n<li>Made and packaged in Spain.<\/li>\n<li>Energy Value 884 kcal per 100 ml.<\/li>\n<li>Made only by mechanical procedures*<\/li>\n<\/ul>","protected":false},"excerpt":{"rendered":"<p>&nbsp;<\/p>\n<div class=\"woocommerce-product-details__short-description\">\n<div class=\"col-12 product-container\">\n<div class=\"product-title-new-variant\">\n<h2 style=\"font-size: 16pt;\"><span style=\"color: #473e3e;\">Organic extra virgin olive oil 500 ml.<\/span><\/h2>\n<p>Aceite de oliva frutado, extracci\u00f3n en fr\u00edo. Virgen extra ecol\u00f3gico, elaborado de manera sostenible y tradicional.<\/p>\n<p>Alfafarenca olive, from the Font Roja park.<\/p>\n<p>Energy Value 884 kcal per 100 ml.<\/p>\n<p>Made only by mechanical procedures.<\/p>\n<\/div>\n<\/div>\n<div class=\"col-12 d-flex flex-row product-container\">\n<div class=\"merchant-managed-by-new-variant d-flex mb-0\">\n<div class=\"merchant-managed-by\"><\/div>\n<\/div>\n<\/div>\n<\/div>\n<form class=\"cart\" action=\"https:\/\/racodepaya.es\/en\/product\/botella-500-ml\/\" enctype=\"multipart\/form-data\" method=\"post\" data-trp-original-action=\"https:\/\/racodepaya.es\/producto\/botella-500-ml\/\">\n<div class=\"quantity\"><\/div>\n<input type=\"hidden\" name=\"trp-form-language\" value=\"en\"\/><\/form>","protected":false},"featured_media":1844,"comment_status":"open","ping_status":"closed","template":"","meta":{"_uag_custom_page_level_css":"","site-sidebar-layout":"default","site-content-layout":"","ast-site-content-layout":"default","site-content-style":"default","site-sidebar-style":"default","ast-global-header-display":"","ast-banner-title-visibility":"","ast-main-header-display":"","ast-hfb-above-header-display":"","ast-hfb-below-header-display":"","ast-hfb-mobile-header-display":"","site-post-title":"","ast-breadcrumbs-content":"","ast-featured-img":"","footer-sml-layout":"","theme-transparent-header-meta":"default","adv-header-id-meta":"","stick-header-meta":"","header-above-stick-meta":"","header-main-stick-meta":"","header-below-stick-meta":"","astra-migrate-meta-layouts":"set","ast-page-background-enabled":"default","ast-page-background-meta":{"desktop":{"background-color":"var(--ast-global-color-4)","background-image":"","background-repeat":"repeat","background-position":"center center","background-size":"auto","background-attachment":"scroll","background-type":"","background-media":"","overlay-type":"","overlay-color":"","overlay-opacity":"","overlay-gradient":""},"tablet":{"background-color":"","background-image":"","background-repeat":"repeat","background-position":"center center","background-size":"auto","background-attachment":"scroll","background-type":"","background-media":"","overlay-type":"","overlay-color":"","overlay-opacity":"","overlay-gradient":""},"mobile":{"background-color":"","background-image":"","background-repeat":"repeat","background-position":"center center","background-size":"auto","background-attachment":"scroll","background-type":"","background-media":"","overlay-type":"","overlay-color":"","overlay-opacity":"","overlay-gradient":""}},"ast-content-background-meta":{"desktop":{"background-color":"var(--ast-global-color-5)","background-image":"","background-repeat":"repeat","background-position":"center center","background-size":"auto","background-attachment":"scroll","background-type":"","background-media":"","overlay-type":"","overlay-color":"","overlay-opacity":"","overlay-gradient":""},"tablet":{"background-color":"var(--ast-global-color-5)","background-image":"","background-repeat":"repeat","background-position":"center center","background-size":"auto","background-attachment":"scroll","background-type":"","background-media":"","overlay-type":"","overlay-color":"","overlay-opacity":"","overlay-gradient":""},"mobile":{"background-color":"var(--ast-global-color-5)","background-image":"","background-repeat":"repeat","background-position":"center center","background-size":"auto","background-attachment":"scroll","background-type":"","background-media":"","overlay-type":"","overlay-color":"","overlay-opacity":"","overlay-gradient":""}}},"product_cat":[24],"product_tag":[],"uagb_featured_image_src":{"full":["https:\/\/racodepaya.es\/wp-content\/uploads\/2024\/05\/aceite-eco-pack-6-botellas.webp",1920,1280,false],"thumbnail":["https:\/\/racodepaya.es\/wp-content\/uploads\/2024\/05\/aceite-eco-pack-6-botellas-150x150.webp",150,150,true],"medium":["https:\/\/racodepaya.es\/wp-content\/uploads\/2024\/05\/aceite-eco-pack-6-botellas-300x200.webp",300,200,true],"medium_large":["https:\/\/racodepaya.es\/wp-content\/uploads\/2024\/05\/aceite-eco-pack-6-botellas-768x512.webp",768,512,true],"large":["https:\/\/racodepaya.es\/wp-content\/uploads\/2024\/05\/aceite-eco-pack-6-botellas-1024x683.webp",1024,683,true],"1536x1536":["https:\/\/racodepaya.es\/wp-content\/uploads\/2024\/05\/aceite-eco-pack-6-botellas-1536x1024.webp",1536,1024,true],"2048x2048":["https:\/\/racodepaya.es\/wp-content\/uploads\/2024\/05\/aceite-eco-pack-6-botellas.webp",1920,1280,false],"trp-custom-language-flag":["https:\/\/racodepaya.es\/wp-content\/uploads\/2024\/05\/aceite-eco-pack-6-botellas.webp",18,12,false],"woocommerce_thumbnail":["https:\/\/racodepaya.es\/wp-content\/uploads\/2024\/05\/aceite-eco-pack-6-botellas-300x300.webp",300,300,true],"woocommerce_single":["https:\/\/racodepaya.es\/wp-content\/uploads\/2024\/05\/aceite-eco-pack-6-botellas-600x400.webp",600,400,true],"woocommerce_gallery_thumbnail":["https:\/\/racodepaya.es\/wp-content\/uploads\/2024\/05\/aceite-eco-pack-6-botellas-100x100.webp",100,100,true]},"uagb_author_info":{"display_name":"admin","author_link":"https:\/\/racodepaya.es\/en\/author\/"},"uagb_comment_info":0,"uagb_excerpt":"&nbsp; Aceite de oliva virgen extra ecol\u00f3gico 500 ml. Aceite de oliva frutado, extracci\u00f3n en fr\u00edo. Virgen extra ecol\u00f3gico, elaborado de manera sostenible y tradicional. Aceituna alfafarenca, del parque Font Roja. El valor energ\u00e9tico 884 kcal cada 100 ml. Elaborado \u00fanicamente mediante procedimientos mec\u00e1nicos.","_links":{"self":[{"href":"https:\/\/racodepaya.es\/en\/wp-json\/wp\/v2\/product\/2449"}],"collection":[{"href":"https:\/\/racodepaya.es\/en\/wp-json\/wp\/v2\/product"}],"about":[{"href":"https:\/\/racodepaya.es\/en\/wp-json\/wp\/v2\/types\/product"}],"replies":[{"embeddable":true,"href":"https:\/\/racodepaya.es\/en\/wp-json\/wp\/v2\/comments?post=2449"}],"wp:featuredmedia":[{"embeddable":true,"href":"https:\/\/racodepaya.es\/en\/wp-json\/wp\/v2\/media\/1844"}],"wp:attachment":[{"href":"https:\/\/racodepaya.es\/en\/wp-json\/wp\/v2\/media?parent=2449"}],"wp:term":[{"taxonomy":"product_cat","embeddable":true,"href":"https:\/\/racodepaya.es\/en\/wp-json\/wp\/v2\/product_cat?post=2449"},{"taxonomy":"product_tag","embeddable":true,"href":"https:\/\/racodepaya.es\/en\/wp-json\/wp\/v2\/product_tag?post=2449"}],"curies":[{"name":"wp","href":"https:\/\/api.w.org\/{rel}","templated":true}]}}