{"id":2693,"date":"2024-06-21T11:54:44","date_gmt":"2024-06-21T11:54:44","guid":{"rendered":"https:\/\/racodepaya.es\/?page_id=2693"},"modified":"2024-06-21T12:04:46","modified_gmt":"2024-06-21T12:04:46","slug":"pago-seguro","status":"publish","type":"page","link":"https:\/\/racodepaya.es\/en\/pago-seguro\/","title":{"rendered":"Pago seguro"},"content":{"rendered":"<div data-elementor-type=\"wp-page\" data-elementor-id=\"2693\" class=\"elementor elementor-2693\" data-elementor-post-type=\"page\">\n\t\t\t\t<div class=\"elementor-element elementor-element-65d3fbe e-flex e-con-boxed e-con e-parent\" data-id=\"65d3fbe\" data-element_type=\"container\">\n\t\t\t\t\t<div class=\"e-con-inner\">\n\t\t\t\t<div class=\"elementor-element elementor-element-c49db08 elementor-widget elementor-widget-heading\" data-id=\"c49db08\" data-element_type=\"widget\" data-widget_type=\"heading.default\">\n\t\t\t\t<div class=\"elementor-widget-container\">\n\t\t\t<style>\/*! elementor - v3.22.0 - 26-06-2024 *\/\n.elementor-heading-title{padding:0;margin:0;line-height:1}.elementor-widget-heading .elementor-heading-title[class*=elementor-size-]>a{color:inherit;font-size:inherit;line-height:inherit}.elementor-widget-heading .elementor-heading-title.elementor-size-small{font-size:15px}.elementor-widget-heading .elementor-heading-title.elementor-size-medium{font-size:19px}.elementor-widget-heading .elementor-heading-title.elementor-size-large{font-size:29px}.elementor-widget-heading .elementor-heading-title.elementor-size-xl{font-size:39px}.elementor-widget-heading .elementor-heading-title.elementor-size-xxl{font-size:59px}<\/style><h1 class=\"elementor-heading-title elementor-size-default\">PAGO SEGURO<\/h1>\t\t<\/div>\n\t\t\t\t<\/div>\n\t\t\t\t<div class=\"elementor-element elementor-element-1acc726 elementor-widget elementor-widget-text-editor\" data-id=\"1acc726\" data-element_type=\"widget\" data-widget_type=\"text-editor.default\">\n\t\t\t\t<div class=\"elementor-widget-container\">\n\t\t\t<style>\/*! elementor - v3.22.0 - 26-06-2024 *\/\n.elementor-widget-text-editor.elementor-drop-cap-view-stacked .elementor-drop-cap{background-color:#69727d;color:#fff}.elementor-widget-text-editor.elementor-drop-cap-view-framed .elementor-drop-cap{color:#69727d;border:3px solid;background-color:transparent}.elementor-widget-text-editor:not(.elementor-drop-cap-view-default) .elementor-drop-cap{margin-top:8px}.elementor-widget-text-editor:not(.elementor-drop-cap-view-default) .elementor-drop-cap-letter{width:1em;height:1em}.elementor-widget-text-editor .elementor-drop-cap{float:left;text-align:center;line-height:1;font-size:50px}.elementor-widget-text-editor .elementor-drop-cap-letter{display:inline-block}<\/style>\t\t\t\t<h2>Nuestro pago es seguro cifrado con certificado SSL.<\/h2><p><b>FORMA DE PAGO<br \/><\/b>Las formas de pago aceptadas por www.racodepaya.es son:<\/p><p><br \/><b>1. Tarjeta:\u00a0<\/b>Usted dispondr\u00e1 de pago por tarjeta en el sitio web, mediante el TPV del Banco Caja Rural. Se trata de un pago seguro cifrado con certificado SSL.<\/p><p><br \/><b>2. Transferencia bancaria<\/b> al n\u00famero de cuenta: ES10 3159 0071 3329 5836 3224 (Caixa Popular). En concepto el Nombre del cliente + N\u00famero de pedido. Opcional, enviar justificante de pago al correo: racodepaya@outlook.com para agilizar el env\u00edo. El env\u00edo no se realiza hasta recibir el pago, si no se recibe el pago en 72 horas se cancela el pedido autom\u00e1ticamente.<\/p><p>\u00a0<\/p><p>3<b>. Bizum<\/b>. Solo tienes que indicar tu n\u00famero de tel\u00e9fono. Bizum se procesar\u00e1 con el TPV virtual de Banco Caja Rural.<\/p><p>\u00a0<\/p><p><b>IMPUESTOS<\/b><br \/>Los precios incluyen, en todos los casos, el Impuesto sobre el Valor A\u00f1adido (IVA), pero ning\u00fan otro impuesto, tasa, arancel o recargo.<\/p>\t\t\t\t\t\t<\/div>\n\t\t\t\t<\/div>\n\t\t\t\t\t<\/div>\n\t\t\t\t<\/div>\n\t\t\t\t<\/div>","protected":false},"excerpt":{"rendered":"<p>PAGO SEGURO Nuestro pago es seguro cifrado con certificado SSL. FORMA DE PAGOLas formas de pago aceptadas por www.racodepaya.es son: 1. Tarjeta:\u00a0Usted dispondr\u00e1 de pago por tarjeta en el sitio web, mediante el TPV del Banco Caja Rural. Se trata de un pago seguro cifrado con certificado SSL. 2. Transferencia bancaria al n\u00famero de cuenta: [&hellip;]<\/p>","protected":false},"author":1,"featured_media":0,"parent":0,"menu_order":0,"comment_status":"closed","ping_status":"closed","template":"","meta":{"_uag_custom_page_level_css":"","site-sidebar-layout":"no-sidebar","site-content-layout":"page-builder","ast-site-content-layout":"full-width-container","site-content-style":"default","site-sidebar-style":"default","ast-global-header-display":"","ast-banner-title-visibility":"","ast-main-header-display":"","ast-hfb-above-header-display":"","ast-hfb-below-header-display":"","ast-hfb-mobile-header-display":"","site-post-title":"disabled","ast-breadcrumbs-content":"","ast-featured-img":"disabled","footer-sml-layout":"","theme-transparent-header-meta":"","adv-header-id-meta":"","stick-header-meta":"","header-above-stick-meta":"","header-main-stick-meta":"","header-below-stick-meta":"","astra-migrate-meta-layouts":"set","ast-page-background-enabled":"default","ast-page-background-meta":{"desktop":{"background-color":"var(--ast-global-color-4)","background-image":"","background-repeat":"repeat","background-position":"center center","background-size":"auto","background-attachment":"scroll","background-type":"","background-media":"","overlay-type":"","overlay-color":"","overlay-opacity":"","overlay-gradient":""},"tablet":{"background-color":"","background-image":"","background-repeat":"repeat","background-position":"center center","background-size":"auto","background-attachment":"scroll","background-type":"","background-media":"","overlay-type":"","overlay-color":"","overlay-opacity":"","overlay-gradient":""},"mobile":{"background-color":"","background-image":"","background-repeat":"repeat","background-position":"center center","background-size":"auto","background-attachment":"scroll","background-type":"","background-media":"","overlay-type":"","overlay-color":"","overlay-opacity":"","overlay-gradient":""}},"ast-content-background-meta":{"desktop":{"background-color":"var(--ast-global-color-5)","background-image":"","background-repeat":"repeat","background-position":"center center","background-size":"auto","background-attachment":"scroll","background-type":"","background-media":"","overlay-type":"","overlay-color":"","overlay-opacity":"","overlay-gradient":""},"tablet":{"background-color":"var(--ast-global-color-5)","background-image":"","background-repeat":"repeat","background-position":"center center","background-size":"auto","background-attachment":"scroll","background-type":"","background-media":"","overlay-type":"","overlay-color":"","overlay-opacity":"","overlay-gradient":""},"mobile":{"background-color":"var(--ast-global-color-5)","background-image":"","background-repeat":"repeat","background-position":"center center","background-size":"auto","background-attachment":"scroll","background-type":"","background-media":"","overlay-type":"","overlay-color":"","overlay-opacity":"","overlay-gradient":""}},"footnotes":""},"uagb_featured_image_src":{"full":false,"thumbnail":false,"medium":false,"medium_large":false,"large":false,"1536x1536":false,"2048x2048":false,"trp-custom-language-flag":false,"woocommerce_thumbnail":false,"woocommerce_single":false,"woocommerce_gallery_thumbnail":false},"uagb_author_info":{"display_name":"admin","author_link":"https:\/\/racodepaya.es\/en\/author\/admin_racodepaya\/"},"uagb_comment_info":0,"uagb_excerpt":"PAGO SEGURO Nuestro pago es seguro cifrado con certificado SSL. FORMA DE PAGOLas formas de pago aceptadas por www.racodepaya.es son: 1. Tarjeta:\u00a0Usted dispondr\u00e1 de pago por tarjeta en el sitio web, mediante el TPV del Banco Caja Rural. Se trata de un pago seguro cifrado con certificado SSL. 2. Transferencia bancaria al n\u00famero de cuenta:&hellip;","_links":{"self":[{"href":"https:\/\/racodepaya.es\/en\/wp-json\/wp\/v2\/pages\/2693"}],"collection":[{"href":"https:\/\/racodepaya.es\/en\/wp-json\/wp\/v2\/pages"}],"about":[{"href":"https:\/\/racodepaya.es\/en\/wp-json\/wp\/v2\/types\/page"}],"author":[{"embeddable":true,"href":"https:\/\/racodepaya.es\/en\/wp-json\/wp\/v2\/users\/1"}],"replies":[{"embeddable":true,"href":"https:\/\/racodepaya.es\/en\/wp-json\/wp\/v2\/comments?post=2693"}],"version-history":[{"count":10,"href":"https:\/\/racodepaya.es\/en\/wp-json\/wp\/v2\/pages\/2693\/revisions"}],"predecessor-version":[{"id":2706,"href":"https:\/\/racodepaya.es\/en\/wp-json\/wp\/v2\/pages\/2693\/revisions\/2706"}],"wp:attachment":[{"href":"https:\/\/racodepaya.es\/en\/wp-json\/wp\/v2\/media?parent=2693"}],"curies":[{"name":"wp","href":"https:\/\/api.w.org\/{rel}","templated":true}]}}