{"id":2088,"date":"2024-05-13T10:14:34","date_gmt":"2024-05-13T10:14:34","guid":{"rendered":"https:\/\/racodepaya.es\/?page_id=2088"},"modified":"2024-06-04T09:49:26","modified_gmt":"2024-06-04T09:49:26","slug":"politica-de-accesibilidad","status":"publish","type":"page","link":"https:\/\/racodepaya.es\/en\/politica-de-accesibilidad\/","title":{"rendered":"Pol\u00edtica de Accesibilidad"},"content":{"rendered":"<div data-elementor-type=\"wp-page\" data-elementor-id=\"2088\" class=\"elementor elementor-2088\" data-elementor-post-type=\"page\">\n\t\t\t\t<div class=\"elementor-element elementor-element-4be96d3 e-flex e-con-boxed e-con e-parent\" data-id=\"4be96d3\" data-element_type=\"container\">\n\t\t\t\t\t<div class=\"e-con-inner\">\n\t\t\t\t<div class=\"elementor-element elementor-element-447678c elementor-widget elementor-widget-heading\" data-id=\"447678c\" data-element_type=\"widget\" data-widget_type=\"heading.default\">\n\t\t\t\t<div class=\"elementor-widget-container\">\n\t\t\t<style>\/*! elementor - v3.22.0 - 26-06-2024 *\/\n.elementor-heading-title{padding:0;margin:0;line-height:1}.elementor-widget-heading .elementor-heading-title[class*=elementor-size-]>a{color:inherit;font-size:inherit;line-height:inherit}.elementor-widget-heading .elementor-heading-title.elementor-size-small{font-size:15px}.elementor-widget-heading .elementor-heading-title.elementor-size-medium{font-size:19px}.elementor-widget-heading .elementor-heading-title.elementor-size-large{font-size:29px}.elementor-widget-heading .elementor-heading-title.elementor-size-xl{font-size:39px}.elementor-widget-heading .elementor-heading-title.elementor-size-xxl{font-size:59px}<\/style><h2 class=\"elementor-heading-title elementor-size-default\">Pol\u00edtica de Accesibilidad<\/h2>\t\t<\/div>\n\t\t\t\t<\/div>\n\t\t\t\t<div class=\"elementor-element elementor-element-ac2e14f elementor-widget elementor-widget-text-editor\" data-id=\"ac2e14f\" data-element_type=\"widget\" data-widget_type=\"text-editor.default\">\n\t\t\t\t<div class=\"elementor-widget-container\">\n\t\t\t<style>\/*! elementor - v3.22.0 - 26-06-2024 *\/\n.elementor-widget-text-editor.elementor-drop-cap-view-stacked .elementor-drop-cap{background-color:#69727d;color:#fff}.elementor-widget-text-editor.elementor-drop-cap-view-framed .elementor-drop-cap{color:#69727d;border:3px solid;background-color:transparent}.elementor-widget-text-editor:not(.elementor-drop-cap-view-default) .elementor-drop-cap{margin-top:8px}.elementor-widget-text-editor:not(.elementor-drop-cap-view-default) .elementor-drop-cap-letter{width:1em;height:1em}.elementor-widget-text-editor .elementor-drop-cap{float:left;text-align:center;line-height:1;font-size:50px}.elementor-widget-text-editor .elementor-drop-cap-letter{display:inline-block}<\/style>\t\t\t\t<p>Como empresa comprometida con la accesibilidad web, nos esforzamos por garantizar que nuestro sitio web sea accesible para todas las personas, incluyendo aquellas con discapacidades. Sabemos que la accesibilidad web es fundamental para garantizar que todas las personas tengan igualdad de oportunidades en la utilizaci\u00f3n de la tecnolog\u00eda y en la participaci\u00f3n en la sociedad en l\u00ednea. Para lograr este objetivo, hemos trabajado arduamente para cumplir con las pautas de accesibilidad web establecidas por el Consorcio World Wide Web (W3C), incluyendo las Directrices de Accesibilidad para el Contenido Web (WCAG) 2.1 de nivel AA. Hemos implementado las pr\u00e1cticas recomendadas para hacer que nuestro sitio web sea f\u00e1cilmente accesible para personas con discapacidades visuales, auditivas, cognitivas y f\u00edsicas. Entre las medidas que hemos adoptado se incluyen el uso de etiquetas apropiadas en nuestro c\u00f3digo HTML para proporcionar descripciones de im\u00e1genes y enlaces, el uso de colores de alto contraste para mejorar la legibilidad, la disponibilidad de alternativas de audio para contenido de v\u00eddeo y la garant\u00eda de que nuestro sitio web sea totalmente navegable mediante el teclado. Nos comprometemos a seguir mejorando nuestro sitio web para garantizar que sea accesible para todos los usuarios, independientemente de sus discapacidades. Agradecemos cualquier retroalimentaci\u00f3n que nuestros usuarios puedan proporcionar sobre la accesibilidad de nuestro sitio web, ya que esto nos ayudar\u00e1 a continuar mejorando su accesibilidad en el futuro.<\/p>\t\t\t\t\t\t<\/div>\n\t\t\t\t<\/div>\n\t\t\t\t<div class=\"elementor-element elementor-element-752a07f elementor-widget elementor-widget-spacer\" data-id=\"752a07f\" data-element_type=\"widget\" data-widget_type=\"spacer.default\">\n\t\t\t\t<div class=\"elementor-widget-container\">\n\t\t\t<style>\/*! elementor - v3.22.0 - 26-06-2024 *\/\n.elementor-column .elementor-spacer-inner{height:var(--spacer-size)}.e-con{--container-widget-width:100%}.e-con-inner>.elementor-widget-spacer,.e-con>.elementor-widget-spacer{width:var(--container-widget-width,var(--spacer-size));--align-self:var(--container-widget-align-self,initial);--flex-shrink:0}.e-con-inner>.elementor-widget-spacer>.elementor-widget-container,.e-con>.elementor-widget-spacer>.elementor-widget-container{height:100%;width:100%}.e-con-inner>.elementor-widget-spacer>.elementor-widget-container>.elementor-spacer,.e-con>.elementor-widget-spacer>.elementor-widget-container>.elementor-spacer{height:100%}.e-con-inner>.elementor-widget-spacer>.elementor-widget-container>.elementor-spacer>.elementor-spacer-inner,.e-con>.elementor-widget-spacer>.elementor-widget-container>.elementor-spacer>.elementor-spacer-inner{height:var(--container-widget-height,var(--spacer-size))}.e-con-inner>.elementor-widget-spacer.elementor-widget-empty,.e-con>.elementor-widget-spacer.elementor-widget-empty{position:relative;min-height:22px;min-width:22px}.e-con-inner>.elementor-widget-spacer.elementor-widget-empty .elementor-widget-empty-icon,.e-con>.elementor-widget-spacer.elementor-widget-empty .elementor-widget-empty-icon{position:absolute;top:0;bottom:0;left:0;right:0;margin:auto;padding:0;width:22px;height:22px}<\/style>\t\t<div class=\"elementor-spacer\">\n\t\t\t<div class=\"elementor-spacer-inner\"><\/div>\n\t\t<\/div>\n\t\t\t\t<\/div>\n\t\t\t\t<\/div>\n\t\t\t\t\t<\/div>\n\t\t\t\t<\/div>\n\t\t\t\t<\/div>","protected":false},"excerpt":{"rendered":"<p>Pol\u00edtica de Accesibilidad Como empresa comprometida con la accesibilidad web, nos esforzamos por garantizar que nuestro sitio web sea accesible para todas las personas, incluyendo aquellas con discapacidades. Sabemos que la accesibilidad web es fundamental para garantizar que todas las personas tengan igualdad de oportunidades en la utilizaci\u00f3n de la tecnolog\u00eda y en la participaci\u00f3n [&hellip;]<\/p>","protected":false},"author":1,"featured_media":0,"parent":0,"menu_order":0,"comment_status":"closed","ping_status":"closed","template":"","meta":{"_uag_custom_page_level_css":"","site-sidebar-layout":"no-sidebar","site-content-layout":"page-builder","ast-site-content-layout":"full-width-container","site-content-style":"default","site-sidebar-style":"default","ast-global-header-display":"","ast-banner-title-visibility":"","ast-main-header-display":"","ast-hfb-above-header-display":"","ast-hfb-below-header-display":"","ast-hfb-mobile-header-display":"","site-post-title":"disabled","ast-breadcrumbs-content":"","ast-featured-img":"disabled","footer-sml-layout":"","theme-transparent-header-meta":"","adv-header-id-meta":"","stick-header-meta":"","header-above-stick-meta":"","header-main-stick-meta":"","header-below-stick-meta":"","astra-migrate-meta-layouts":"set","ast-page-background-enabled":"default","ast-page-background-meta":{"desktop":{"background-color":"var(--ast-global-color-4)","background-image":"","background-repeat":"repeat","background-position":"center center","background-size":"auto","background-attachment":"scroll","background-type":"","background-media":"","overlay-type":"","overlay-color":"","overlay-opacity":"","overlay-gradient":""},"tablet":{"background-color":"","background-image":"","background-repeat":"repeat","background-position":"center center","background-size":"auto","background-attachment":"scroll","background-type":"","background-media":"","overlay-type":"","overlay-color":"","overlay-opacity":"","overlay-gradient":""},"mobile":{"background-color":"","background-image":"","background-repeat":"repeat","background-position":"center center","background-size":"auto","background-attachment":"scroll","background-type":"","background-media":"","overlay-type":"","overlay-color":"","overlay-opacity":"","overlay-gradient":""}},"ast-content-background-meta":{"desktop":{"background-color":"var(--ast-global-color-5)","background-image":"","background-repeat":"repeat","background-position":"center center","background-size":"auto","background-attachment":"scroll","background-type":"","background-media":"","overlay-type":"","overlay-color":"","overlay-opacity":"","overlay-gradient":""},"tablet":{"background-color":"var(--ast-global-color-5)","background-image":"","background-repeat":"repeat","background-position":"center center","background-size":"auto","background-attachment":"scroll","background-type":"","background-media":"","overlay-type":"","overlay-color":"","overlay-opacity":"","overlay-gradient":""},"mobile":{"background-color":"var(--ast-global-color-5)","background-image":"","background-repeat":"repeat","background-position":"center center","background-size":"auto","background-attachment":"scroll","background-type":"","background-media":"","overlay-type":"","overlay-color":"","overlay-opacity":"","overlay-gradient":""}},"footnotes":""},"uagb_featured_image_src":{"full":false,"thumbnail":false,"medium":false,"medium_large":false,"large":false,"1536x1536":false,"2048x2048":false,"trp-custom-language-flag":false,"woocommerce_thumbnail":false,"woocommerce_single":false,"woocommerce_gallery_thumbnail":false},"uagb_author_info":{"display_name":"admin","author_link":"https:\/\/racodepaya.es\/en\/author\/admin_racodepaya\/"},"uagb_comment_info":0,"uagb_excerpt":"Pol\u00edtica de Accesibilidad Como empresa comprometida con la accesibilidad web, nos esforzamos por garantizar que nuestro sitio web sea accesible para todas las personas, incluyendo aquellas con discapacidades. Sabemos que la accesibilidad web es fundamental para garantizar que todas las personas tengan igualdad de oportunidades en la utilizaci\u00f3n de la tecnolog\u00eda y en la participaci\u00f3n&hellip;","_links":{"self":[{"href":"https:\/\/racodepaya.es\/en\/wp-json\/wp\/v2\/pages\/2088"}],"collection":[{"href":"https:\/\/racodepaya.es\/en\/wp-json\/wp\/v2\/pages"}],"about":[{"href":"https:\/\/racodepaya.es\/en\/wp-json\/wp\/v2\/types\/page"}],"author":[{"embeddable":true,"href":"https:\/\/racodepaya.es\/en\/wp-json\/wp\/v2\/users\/1"}],"replies":[{"embeddable":true,"href":"https:\/\/racodepaya.es\/en\/wp-json\/wp\/v2\/comments?post=2088"}],"version-history":[{"count":16,"href":"https:\/\/racodepaya.es\/en\/wp-json\/wp\/v2\/pages\/2088\/revisions"}],"predecessor-version":[{"id":2516,"href":"https:\/\/racodepaya.es\/en\/wp-json\/wp\/v2\/pages\/2088\/revisions\/2516"}],"wp:attachment":[{"href":"https:\/\/racodepaya.es\/en\/wp-json\/wp\/v2\/media?parent=2088"}],"curies":[{"name":"wp","href":"https:\/\/api.w.org\/{rel}","templated":true}]}}