{"id":2024,"date":"2024-05-13T09:17:53","date_gmt":"2024-05-13T09:17:53","guid":{"rendered":"https:\/\/racodepaya.es\/?page_id=2024"},"modified":"2024-06-20T12:22:34","modified_gmt":"2024-06-20T12:22:34","slug":"pack","status":"publish","type":"page","link":"https:\/\/racodepaya.es\/en\/pack\/","title":{"rendered":"PACK"},"content":{"rendered":"<div data-elementor-type=\"wp-page\" data-elementor-id=\"2024\" class=\"elementor elementor-2024\" data-elementor-post-type=\"page\">\n\t\t\t\t<div class=\"elementor-element elementor-element-1bbe9faa e-flex e-con-boxed e-con e-parent\" data-id=\"1bbe9faa\" data-element_type=\"container\">\n\t\t\t\t\t<div class=\"e-con-inner\">\n\t\t<div class=\"elementor-element elementor-element-c4f9afb e-con-full e-flex e-con e-child\" data-id=\"c4f9afb\" data-element_type=\"container\">\n\t\t\t\t<div class=\"elementor-element elementor-element-45f1b57a elementor-widget elementor-widget-image\" data-id=\"45f1b57a\" data-element_type=\"widget\" data-widget_type=\"image.default\">\n\t\t\t\t<div class=\"elementor-widget-container\">\n\t\t\t<style>\/*! elementor - v3.22.0 - 26-06-2024 *\/\n.elementor-widget-image{text-align:center}.elementor-widget-image a{display:inline-block}.elementor-widget-image a img[src$=\".svg\"]{width:48px}.elementor-widget-image img{vertical-align:middle;display:inline-block}<\/style>\t\t\t\t\t\t\t\t\t\t<img fetchpriority=\"high\" decoding=\"async\" width=\"1024\" height=\"683\" src=\"https:\/\/racodepaya.es\/wp-content\/uploads\/2024\/05\/aceite-eco-pack-6-botellas-1024x683.webp\" class=\"attachment-large size-large wp-image-1844\" alt=\"\" srcset=\"https:\/\/racodepaya.es\/wp-content\/uploads\/2024\/05\/aceite-eco-pack-6-botellas-1024x683.webp 1024w, https:\/\/racodepaya.es\/wp-content\/uploads\/2024\/05\/aceite-eco-pack-6-botellas-600x400.webp 600w, https:\/\/racodepaya.es\/wp-content\/uploads\/2024\/05\/aceite-eco-pack-6-botellas-300x200.webp 300w, https:\/\/racodepaya.es\/wp-content\/uploads\/2024\/05\/aceite-eco-pack-6-botellas-768x512.webp 768w, https:\/\/racodepaya.es\/wp-content\/uploads\/2024\/05\/aceite-eco-pack-6-botellas-1536x1024.webp 1536w, https:\/\/racodepaya.es\/wp-content\/uploads\/2024\/05\/aceite-eco-pack-6-botellas.webp 1920w\" sizes=\"(max-width: 1024px) 100vw, 1024px\" \/>\t\t\t\t\t\t\t\t\t\t\t\t\t<\/div>\n\t\t\t\t<\/div>\n\t\t\t\t<\/div>\n\t\t<div class=\"elementor-element elementor-element-4d261a8b e-con-full e-flex e-con e-child\" data-id=\"4d261a8b\" data-element_type=\"container\">\n\t\t\t\t<div class=\"elementor-element elementor-element-2ba04540 elementor-widget elementor-widget-heading\" data-id=\"2ba04540\" data-element_type=\"widget\" data-widget_type=\"heading.default\">\n\t\t\t\t<div class=\"elementor-widget-container\">\n\t\t\t<style>\/*! elementor - v3.22.0 - 26-06-2024 *\/\n.elementor-heading-title{padding:0;margin:0;line-height:1}.elementor-widget-heading .elementor-heading-title[class*=elementor-size-]>a{color:inherit;font-size:inherit;line-height:inherit}.elementor-widget-heading .elementor-heading-title.elementor-size-small{font-size:15px}.elementor-widget-heading .elementor-heading-title.elementor-size-medium{font-size:19px}.elementor-widget-heading .elementor-heading-title.elementor-size-large{font-size:29px}.elementor-widget-heading .elementor-heading-title.elementor-size-xl{font-size:39px}.elementor-widget-heading .elementor-heading-title.elementor-size-xxl{font-size:59px}<\/style><h2 class=\"elementor-heading-title elementor-size-default\">Pack of 6 bottles<\/h2>\t\t<\/div>\n\t\t\t\t<\/div>\n\t\t\t\t<div class=\"elementor-element elementor-element-75542565 elementor-widget elementor-widget-text-editor\" data-id=\"75542565\" data-element_type=\"widget\" data-widget_type=\"text-editor.default\">\n\t\t\t\t<div class=\"elementor-widget-container\">\n\t\t\t<style>\/*! elementor - v3.22.0 - 26-06-2024 *\/\n.elementor-widget-text-editor.elementor-drop-cap-view-stacked .elementor-drop-cap{background-color:#69727d;color:#fff}.elementor-widget-text-editor.elementor-drop-cap-view-framed .elementor-drop-cap{color:#69727d;border:3px solid;background-color:transparent}.elementor-widget-text-editor:not(.elementor-drop-cap-view-default) .elementor-drop-cap{margin-top:8px}.elementor-widget-text-editor:not(.elementor-drop-cap-view-default) .elementor-drop-cap-letter{width:1em;height:1em}.elementor-widget-text-editor .elementor-drop-cap{float:left;text-align:center;line-height:1;font-size:50px}.elementor-widget-text-editor .elementor-drop-cap-letter{display:inline-block}<\/style>\t\t\t\t<p>Aceite de oliva frutado, extracci\u00f3n en fr\u00edo. Virgen extra ecol\u00f3gico, elaborado de manera sostenible y tradicional.<\/p><p>Alfafarenca olive, from the Font Roja park.<\/p><p>Energy Value 884 kcal per 100 ml.<\/p><p>Made only by mechanical procedures.<\/p>\t\t\t\t\t\t<\/div>\n\t\t\t\t<\/div>\n\t\t<div class=\"elementor-element elementor-element-7d5fda7 e-con-full e-flex e-con e-child\" data-id=\"7d5fda7\" data-element_type=\"container\">\n\t\t\t\t<div class=\"elementor-element elementor-element-45a321a elementor-widget elementor-widget-button\" data-id=\"45a321a\" data-element_type=\"widget\" data-widget_type=\"button.default\">\n\t\t\t\t<div class=\"elementor-widget-container\">\n\t\t\t\t\t<div class=\"elementor-button-wrapper\">\n\t\t\t<a class=\"elementor-button elementor-button-link elementor-size-sm\" href=\"https:\/\/racodepaya.es\/en\/product\/pack-6-botellas\/\">\n\t\t\t\t\t\t<span class=\"elementor-button-content-wrapper\">\n\t\t\t\t\t\t\t\t\t<span class=\"elementor-button-text\">Comprar Pack de 6 botellas<\/span>\n\t\t\t\t\t<\/span>\n\t\t\t\t\t<\/a>\n\t\t<\/div>\n\t\t\t\t<\/div>\n\t\t\t\t<\/div>\n\t\t\t\t<\/div>\n\t\t\t\t<\/div>\n\t\t\t\t\t<\/div>\n\t\t\t\t<\/div>\n\t\t\t\t<\/div>","protected":false},"excerpt":{"rendered":"<p>Pack 6 botellas Aceite de oliva frutado, extracci\u00f3n en fr\u00edo. Virgen extra ecol\u00f3gico, elaborado de manera sostenible y tradicional. Aceituna alfafarenca, del parque Font Roja. El valor energ\u00e9tico 884 kcal cada 100 ml. Elaborado \u00fanicamente mediante procedimientos mec\u00e1nicos. Comprar Pack de 6 botellas<\/p>","protected":false},"author":1,"featured_media":0,"parent":0,"menu_order":0,"comment_status":"closed","ping_status":"closed","template":"","meta":{"_uag_custom_page_level_css":"","site-sidebar-layout":"no-sidebar","site-content-layout":"page-builder","ast-site-content-layout":"full-width-container","site-content-style":"default","site-sidebar-style":"default","ast-global-header-display":"","ast-banner-title-visibility":"","ast-main-header-display":"","ast-hfb-above-header-display":"","ast-hfb-below-header-display":"","ast-hfb-mobile-header-display":"","site-post-title":"disabled","ast-breadcrumbs-content":"","ast-featured-img":"disabled","footer-sml-layout":"","theme-transparent-header-meta":"","adv-header-id-meta":"","stick-header-meta":"","header-above-stick-meta":"","header-main-stick-meta":"","header-below-stick-meta":"","astra-migrate-meta-layouts":"set","ast-page-background-enabled":"default","ast-page-background-meta":{"desktop":{"background-color":"var(--ast-global-color-4)","background-image":"","background-repeat":"repeat","background-position":"center center","background-size":"auto","background-attachment":"scroll","background-type":"","background-media":"","overlay-type":"","overlay-color":"","overlay-opacity":"","overlay-gradient":""},"tablet":{"background-color":"","background-image":"","background-repeat":"repeat","background-position":"center center","background-size":"auto","background-attachment":"scroll","background-type":"","background-media":"","overlay-type":"","overlay-color":"","overlay-opacity":"","overlay-gradient":""},"mobile":{"background-color":"","background-image":"","background-repeat":"repeat","background-position":"center center","background-size":"auto","background-attachment":"scroll","background-type":"","background-media":"","overlay-type":"","overlay-color":"","overlay-opacity":"","overlay-gradient":""}},"ast-content-background-meta":{"desktop":{"background-color":"var(--ast-global-color-5)","background-image":"","background-repeat":"repeat","background-position":"center center","background-size":"auto","background-attachment":"scroll","background-type":"","background-media":"","overlay-type":"","overlay-color":"","overlay-opacity":"","overlay-gradient":""},"tablet":{"background-color":"var(--ast-global-color-5)","background-image":"","background-repeat":"repeat","background-position":"center center","background-size":"auto","background-attachment":"scroll","background-type":"","background-media":"","overlay-type":"","overlay-color":"","overlay-opacity":"","overlay-gradient":""},"mobile":{"background-color":"var(--ast-global-color-5)","background-image":"","background-repeat":"repeat","background-position":"center center","background-size":"auto","background-attachment":"scroll","background-type":"","background-media":"","overlay-type":"","overlay-color":"","overlay-opacity":"","overlay-gradient":""}},"footnotes":""},"uagb_featured_image_src":{"full":false,"thumbnail":false,"medium":false,"medium_large":false,"large":false,"1536x1536":false,"2048x2048":false,"trp-custom-language-flag":false,"woocommerce_thumbnail":false,"woocommerce_single":false,"woocommerce_gallery_thumbnail":false},"uagb_author_info":{"display_name":"admin","author_link":"https:\/\/racodepaya.es\/en\/author\/admin_racodepaya\/"},"uagb_comment_info":0,"uagb_excerpt":"Pack 6 botellas Aceite de oliva frutado, extracci\u00f3n en fr\u00edo. Virgen extra ecol\u00f3gico, elaborado de manera sostenible y tradicional. Aceituna alfafarenca, del parque Font Roja. El valor energ\u00e9tico 884 kcal cada 100 ml. Elaborado \u00fanicamente mediante procedimientos mec\u00e1nicos. Comprar Pack de 6 botellas","_links":{"self":[{"href":"https:\/\/racodepaya.es\/en\/wp-json\/wp\/v2\/pages\/2024"}],"collection":[{"href":"https:\/\/racodepaya.es\/en\/wp-json\/wp\/v2\/pages"}],"about":[{"href":"https:\/\/racodepaya.es\/en\/wp-json\/wp\/v2\/types\/page"}],"author":[{"embeddable":true,"href":"https:\/\/racodepaya.es\/en\/wp-json\/wp\/v2\/users\/1"}],"replies":[{"embeddable":true,"href":"https:\/\/racodepaya.es\/en\/wp-json\/wp\/v2\/comments?post=2024"}],"version-history":[{"count":25,"href":"https:\/\/racodepaya.es\/en\/wp-json\/wp\/v2\/pages\/2024\/revisions"}],"predecessor-version":[{"id":2659,"href":"https:\/\/racodepaya.es\/en\/wp-json\/wp\/v2\/pages\/2024\/revisions\/2659"}],"wp:attachment":[{"href":"https:\/\/racodepaya.es\/en\/wp-json\/wp\/v2\/media?parent=2024"}],"curies":[{"name":"wp","href":"https:\/\/api.w.org\/{rel}","templated":true}]}}