{"id":1993,"date":"2024-05-13T09:02:07","date_gmt":"2024-05-13T09:02:07","guid":{"rendered":"https:\/\/racodepaya.es\/?page_id=1993"},"modified":"2024-06-20T12:22:31","modified_gmt":"2024-06-20T12:22:31","slug":"botella","status":"publish","type":"page","link":"https:\/\/racodepaya.es\/en\/botella\/","title":{"rendered":"BOTTLE"},"content":{"rendered":"<div data-elementor-type=\"wp-page\" data-elementor-id=\"1993\" class=\"elementor elementor-1993\" data-elementor-post-type=\"page\">\n\t\t\t\t<div class=\"elementor-element elementor-element-7db25a6 e-flex e-con-boxed e-con e-parent\" data-id=\"7db25a6\" data-element_type=\"container\">\n\t\t\t\t\t<div class=\"e-con-inner\">\n\t\t<div class=\"elementor-element elementor-element-7ee3541 e-con-full e-flex e-con e-child\" data-id=\"7ee3541\" data-element_type=\"container\">\n\t\t\t\t<div class=\"elementor-element elementor-element-93481f0 elementor-widget elementor-widget-image\" data-id=\"93481f0\" data-element_type=\"widget\" data-widget_type=\"image.default\">\n\t\t\t\t<div class=\"elementor-widget-container\">\n\t\t\t<style>\/*! elementor - v3.22.0 - 26-06-2024 *\/\n.elementor-widget-image{text-align:center}.elementor-widget-image a{display:inline-block}.elementor-widget-image a img[src$=\".svg\"]{width:48px}.elementor-widget-image img{vertical-align:middle;display:inline-block}<\/style>\t\t\t\t\t\t\t\t\t\t<img fetchpriority=\"high\" decoding=\"async\" width=\"1024\" height=\"683\" src=\"https:\/\/racodepaya.es\/wp-content\/uploads\/2024\/05\/aceite-ecologico-raco-paya-1-1024x683.webp\" class=\"attachment-large size-large wp-image-1814\" alt=\"Aceite de oliva virgen extra ecol\u00f3gico mejor precio\" srcset=\"https:\/\/racodepaya.es\/wp-content\/uploads\/2024\/05\/aceite-ecologico-raco-paya-1-1024x683.webp 1024w, https:\/\/racodepaya.es\/wp-content\/uploads\/2024\/05\/aceite-ecologico-raco-paya-1-600x400.webp 600w, https:\/\/racodepaya.es\/wp-content\/uploads\/2024\/05\/aceite-ecologico-raco-paya-1-300x200.webp 300w, https:\/\/racodepaya.es\/wp-content\/uploads\/2024\/05\/aceite-ecologico-raco-paya-1-768x512.webp 768w, https:\/\/racodepaya.es\/wp-content\/uploads\/2024\/05\/aceite-ecologico-raco-paya-1-1536x1024.webp 1536w, https:\/\/racodepaya.es\/wp-content\/uploads\/2024\/05\/aceite-ecologico-raco-paya-1.webp 1920w\" sizes=\"(max-width: 1024px) 100vw, 1024px\" \/>\t\t\t\t\t\t\t\t\t\t\t\t\t<\/div>\n\t\t\t\t<\/div>\n\t\t\t\t<\/div>\n\t\t<div class=\"elementor-element elementor-element-8a29b19 e-con-full e-flex e-con e-child\" data-id=\"8a29b19\" data-element_type=\"container\">\n\t\t\t\t<div class=\"elementor-element elementor-element-399a6ad elementor-widget elementor-widget-heading\" data-id=\"399a6ad\" data-element_type=\"widget\" data-widget_type=\"heading.default\">\n\t\t\t\t<div class=\"elementor-widget-container\">\n\t\t\t<style>\/*! elementor - v3.22.0 - 26-06-2024 *\/\n.elementor-heading-title{padding:0;margin:0;line-height:1}.elementor-widget-heading .elementor-heading-title[class*=elementor-size-]>a{color:inherit;font-size:inherit;line-height:inherit}.elementor-widget-heading .elementor-heading-title.elementor-size-small{font-size:15px}.elementor-widget-heading .elementor-heading-title.elementor-size-medium{font-size:19px}.elementor-widget-heading .elementor-heading-title.elementor-size-large{font-size:29px}.elementor-widget-heading .elementor-heading-title.elementor-size-xl{font-size:39px}.elementor-widget-heading .elementor-heading-title.elementor-size-xxl{font-size:59px}<\/style><h2 class=\"elementor-heading-title elementor-size-default\">500 ml bottle<\/h2>\t\t<\/div>\n\t\t\t\t<\/div>\n\t\t\t\t<div class=\"elementor-element elementor-element-a83d336 elementor-widget elementor-widget-text-editor\" data-id=\"a83d336\" data-element_type=\"widget\" data-widget_type=\"text-editor.default\">\n\t\t\t\t<div class=\"elementor-widget-container\">\n\t\t\t<style>\/*! elementor - v3.22.0 - 26-06-2024 *\/\n.elementor-widget-text-editor.elementor-drop-cap-view-stacked .elementor-drop-cap{background-color:#69727d;color:#fff}.elementor-widget-text-editor.elementor-drop-cap-view-framed .elementor-drop-cap{color:#69727d;border:3px solid;background-color:transparent}.elementor-widget-text-editor:not(.elementor-drop-cap-view-default) .elementor-drop-cap{margin-top:8px}.elementor-widget-text-editor:not(.elementor-drop-cap-view-default) .elementor-drop-cap-letter{width:1em;height:1em}.elementor-widget-text-editor .elementor-drop-cap{float:left;text-align:center;line-height:1;font-size:50px}.elementor-widget-text-editor .elementor-drop-cap-letter{display:inline-block}<\/style>\t\t\t\tAceite de oliva frutado, extracci\u00f3n en fr\u00edo.\n\nVirgen extra ecol\u00f3gico, elaborado de manera sostenible y tradicional.\n\nAceituna alfafarenca, del parque Font Roja.\n\nEl valor energ\u00e9tico 884 kcal cada 100 ml.\n\nElaborado \u00fanicamente mediante procedimientos mec\u00e1nicos.\t\t\t\t\t\t<\/div>\n\t\t\t\t<\/div>\n\t\t<div class=\"elementor-element elementor-element-9cb1cd1 e-con-full e-flex e-con e-child\" data-id=\"9cb1cd1\" data-element_type=\"container\">\n\t\t\t\t<div class=\"elementor-element elementor-element-1aa1bd3 elementor-align-left elementor-widget elementor-widget-button\" data-id=\"1aa1bd3\" data-element_type=\"widget\" data-widget_type=\"button.default\">\n\t\t\t\t<div class=\"elementor-widget-container\">\n\t\t\t\t\t<div class=\"elementor-button-wrapper\">\n\t\t\t<a class=\"elementor-button elementor-button-link elementor-size-sm\" href=\"https:\/\/racodepaya.es\/en\/product\/botella-500-ml\/\">\n\t\t\t\t\t\t<span class=\"elementor-button-content-wrapper\">\n\t\t\t\t\t\t\t\t\t<span class=\"elementor-button-text\">Comprar Botella 500 ml<\/span>\n\t\t\t\t\t<\/span>\n\t\t\t\t\t<\/a>\n\t\t<\/div>\n\t\t\t\t<\/div>\n\t\t\t\t<\/div>\n\t\t\t\t<\/div>\n\t\t\t\t<\/div>\n\t\t\t\t\t<\/div>\n\t\t\t\t<\/div>\n\t\t\t\t<\/div>","protected":false},"excerpt":{"rendered":"<p>Botella 500 ml Aceite de oliva frutado, extracci\u00f3n en fr\u00edo. Virgen extra ecol\u00f3gico, elaborado de manera sostenible y tradicional. Aceituna alfafarenca, del parque Font Roja. El valor energ\u00e9tico 884 kcal cada 100 ml. Elaborado \u00fanicamente mediante procedimientos mec\u00e1nicos. Comprar Botella 500 ml<\/p>","protected":false},"author":1,"featured_media":0,"parent":0,"menu_order":0,"comment_status":"closed","ping_status":"closed","template":"","meta":{"_uag_custom_page_level_css":"","site-sidebar-layout":"no-sidebar","site-content-layout":"page-builder","ast-site-content-layout":"full-width-container","site-content-style":"default","site-sidebar-style":"default","ast-global-header-display":"","ast-banner-title-visibility":"","ast-main-header-display":"","ast-hfb-above-header-display":"","ast-hfb-below-header-display":"","ast-hfb-mobile-header-display":"","site-post-title":"disabled","ast-breadcrumbs-content":"","ast-featured-img":"disabled","footer-sml-layout":"","theme-transparent-header-meta":"","adv-header-id-meta":"","stick-header-meta":"","header-above-stick-meta":"","header-main-stick-meta":"","header-below-stick-meta":"","astra-migrate-meta-layouts":"set","ast-page-background-enabled":"default","ast-page-background-meta":{"desktop":{"background-color":"var(--ast-global-color-4)","background-image":"","background-repeat":"repeat","background-position":"center center","background-size":"auto","background-attachment":"scroll","background-type":"","background-media":"","overlay-type":"","overlay-color":"","overlay-opacity":"","overlay-gradient":""},"tablet":{"background-color":"","background-image":"","background-repeat":"repeat","background-position":"center center","background-size":"auto","background-attachment":"scroll","background-type":"","background-media":"","overlay-type":"","overlay-color":"","overlay-opacity":"","overlay-gradient":""},"mobile":{"background-color":"","background-image":"","background-repeat":"repeat","background-position":"center center","background-size":"auto","background-attachment":"scroll","background-type":"","background-media":"","overlay-type":"","overlay-color":"","overlay-opacity":"","overlay-gradient":""}},"ast-content-background-meta":{"desktop":{"background-color":"var(--ast-global-color-5)","background-image":"","background-repeat":"repeat","background-position":"center center","background-size":"auto","background-attachment":"scroll","background-type":"","background-media":"","overlay-type":"","overlay-color":"","overlay-opacity":"","overlay-gradient":""},"tablet":{"background-color":"var(--ast-global-color-5)","background-image":"","background-repeat":"repeat","background-position":"center center","background-size":"auto","background-attachment":"scroll","background-type":"","background-media":"","overlay-type":"","overlay-color":"","overlay-opacity":"","overlay-gradient":""},"mobile":{"background-color":"var(--ast-global-color-5)","background-image":"","background-repeat":"repeat","background-position":"center center","background-size":"auto","background-attachment":"scroll","background-type":"","background-media":"","overlay-type":"","overlay-color":"","overlay-opacity":"","overlay-gradient":""}},"footnotes":""},"uagb_featured_image_src":{"full":false,"thumbnail":false,"medium":false,"medium_large":false,"large":false,"1536x1536":false,"2048x2048":false,"trp-custom-language-flag":false,"woocommerce_thumbnail":false,"woocommerce_single":false,"woocommerce_gallery_thumbnail":false},"uagb_author_info":{"display_name":"admin","author_link":"https:\/\/racodepaya.es\/en\/author\/admin_racodepaya\/"},"uagb_comment_info":0,"uagb_excerpt":"Botella 500 ml Aceite de oliva frutado, extracci\u00f3n en fr\u00edo. Virgen extra ecol\u00f3gico, elaborado de manera sostenible y tradicional. Aceituna alfafarenca, del parque Font Roja. El valor energ\u00e9tico 884 kcal cada 100 ml. Elaborado \u00fanicamente mediante procedimientos mec\u00e1nicos. Comprar Botella 500 ml","_links":{"self":[{"href":"https:\/\/racodepaya.es\/en\/wp-json\/wp\/v2\/pages\/1993"}],"collection":[{"href":"https:\/\/racodepaya.es\/en\/wp-json\/wp\/v2\/pages"}],"about":[{"href":"https:\/\/racodepaya.es\/en\/wp-json\/wp\/v2\/types\/page"}],"author":[{"embeddable":true,"href":"https:\/\/racodepaya.es\/en\/wp-json\/wp\/v2\/users\/1"}],"replies":[{"embeddable":true,"href":"https:\/\/racodepaya.es\/en\/wp-json\/wp\/v2\/comments?post=1993"}],"version-history":[{"count":43,"href":"https:\/\/racodepaya.es\/en\/wp-json\/wp\/v2\/pages\/1993\/revisions"}],"predecessor-version":[{"id":2656,"href":"https:\/\/racodepaya.es\/en\/wp-json\/wp\/v2\/pages\/1993\/revisions\/2656"}],"wp:attachment":[{"href":"https:\/\/racodepaya.es\/en\/wp-json\/wp\/v2\/media?parent=1993"}],"curies":[{"name":"wp","href":"https:\/\/api.w.org\/{rel}","templated":true}]}}