{"id":1832,"date":"2024-05-09T09:57:59","date_gmt":"2024-05-09T09:57:59","guid":{"rendered":"https:\/\/racodepaya.es\/?page_id=1832"},"modified":"2024-06-28T07:47:14","modified_gmt":"2024-06-28T07:47:14","slug":"conocenos","status":"publish","type":"page","link":"https:\/\/racodepaya.es\/en\/conocenos\/","title":{"rendered":"GET TO KNOW US"},"content":{"rendered":"<div data-elementor-type=\"wp-page\" data-elementor-id=\"1832\" class=\"elementor elementor-1832\" data-elementor-post-type=\"page\">\n\t\t\t\t<div class=\"elementor-element elementor-element-4b78b2ef e-flex e-con-boxed e-con e-parent\" data-id=\"4b78b2ef\" data-element_type=\"container\" data-settings=\"{&quot;background_background&quot;:&quot;classic&quot;}\">\n\t\t\t\t\t<div class=\"e-con-inner\">\n\t\t\t\t<div class=\"elementor-element elementor-element-f789088 elementor-widget elementor-widget-heading\" data-id=\"f789088\" data-element_type=\"widget\" data-widget_type=\"heading.default\">\n\t\t\t\t<div class=\"elementor-widget-container\">\n\t\t\t<style>\/*! elementor - v3.22.0 - 26-06-2024 *\/\n.elementor-heading-title{padding:0;margin:0;line-height:1}.elementor-widget-heading .elementor-heading-title[class*=elementor-size-]>a{color:inherit;font-size:inherit;line-height:inherit}.elementor-widget-heading .elementor-heading-title.elementor-size-small{font-size:15px}.elementor-widget-heading .elementor-heading-title.elementor-size-medium{font-size:19px}.elementor-widget-heading .elementor-heading-title.elementor-size-large{font-size:29px}.elementor-widget-heading .elementor-heading-title.elementor-size-xl{font-size:39px}.elementor-widget-heading .elementor-heading-title.elementor-size-xxl{font-size:59px}<\/style><h2 class=\"elementor-heading-title elementor-size-default\">\u00bfWHO ARE WE?<\/h2>\t\t<\/div>\n\t\t\t\t<\/div>\n\t\t\t\t<div class=\"elementor-element elementor-element-ff29a82 elementor-invisible elementor-widget elementor-widget-image\" data-id=\"ff29a82\" data-element_type=\"widget\" data-settings=\"{&quot;_animation&quot;:&quot;fadeIn&quot;}\" data-widget_type=\"image.default\">\n\t\t\t\t<div class=\"elementor-widget-container\">\n\t\t\t<style>\/*! elementor - v3.22.0 - 26-06-2024 *\/\n.elementor-widget-image{text-align:center}.elementor-widget-image a{display:inline-block}.elementor-widget-image a img[src$=\".svg\"]{width:48px}.elementor-widget-image img{vertical-align:middle;display:inline-block}<\/style>\t\t\t\t\t\t\t\t\t\t<img fetchpriority=\"high\" decoding=\"async\" width=\"1024\" height=\"683\" src=\"https:\/\/racodepaya.es\/wp-content\/uploads\/2024\/05\/finca-raco-paya-aceite-1-1024x683.webp\" class=\"attachment-large size-large wp-image-1812\" alt=\"\" srcset=\"https:\/\/racodepaya.es\/wp-content\/uploads\/2024\/05\/finca-raco-paya-aceite-1-1024x683.webp 1024w, https:\/\/racodepaya.es\/wp-content\/uploads\/2024\/05\/finca-raco-paya-aceite-1-600x400.webp 600w, https:\/\/racodepaya.es\/wp-content\/uploads\/2024\/05\/finca-raco-paya-aceite-1-300x200.webp 300w, https:\/\/racodepaya.es\/wp-content\/uploads\/2024\/05\/finca-raco-paya-aceite-1-768x512.webp 768w, https:\/\/racodepaya.es\/wp-content\/uploads\/2024\/05\/finca-raco-paya-aceite-1-1536x1024.webp 1536w, https:\/\/racodepaya.es\/wp-content\/uploads\/2024\/05\/finca-raco-paya-aceite-1.webp 1920w\" sizes=\"(max-width: 1024px) 100vw, 1024px\" \/>\t\t\t\t\t\t\t\t\t\t\t\t\t<\/div>\n\t\t\t\t<\/div>\n\t\t\t\t<div class=\"elementor-element elementor-element-535f556 elementor-widget elementor-widget-text-editor\" data-id=\"535f556\" data-element_type=\"widget\" data-widget_type=\"text-editor.default\">\n\t\t\t\t<div class=\"elementor-widget-container\">\n\t\t\t<style>\/*! elementor - v3.22.0 - 26-06-2024 *\/\n.elementor-widget-text-editor.elementor-drop-cap-view-stacked .elementor-drop-cap{background-color:#69727d;color:#fff}.elementor-widget-text-editor.elementor-drop-cap-view-framed .elementor-drop-cap{color:#69727d;border:3px solid;background-color:transparent}.elementor-widget-text-editor:not(.elementor-drop-cap-view-default) .elementor-drop-cap{margin-top:8px}.elementor-widget-text-editor:not(.elementor-drop-cap-view-default) .elementor-drop-cap-letter{width:1em;height:1em}.elementor-widget-text-editor .elementor-drop-cap{float:left;text-align:center;line-height:1;font-size:50px}.elementor-widget-text-editor .elementor-drop-cap-letter{display:inline-block}<\/style>\t\t\t\t<p>This project was born <strong>5 years<\/strong> ago through the purchase of a farm called <strong>RAC\u00d3 DE PAY\u00c0<\/strong>. It is a construction dating from the late 1700s and whose construction and surroundings (among which there is an olive grove) were in a completely unpropitious situation and in total abandonment. From that moment and with great perseverance and dedication, we proceeded to rebuild it and return the olive grove to all its glory. It has been a process of 4 long years so that the olive trees have been able to recover all their strength and generate a <strong>fruit suitable for the market.<\/strong><\/p><p>\u00a0<\/p><p>The olive grove is located in the Nature Park called Font Roja, north of the city of Alicante, and the Alfafarenca olive variety offers health benefits, since it has high contents of oleic acid and polyphenols, as well as important antioxidant properties. This <strong>oil<\/strong> in addition to being extra virgin, is certified as <strong>organic<\/strong>Being a new and small project, we process all the oil using mechanical procedures, taking maximum care to ensure great quality throughout the process. This recognition gives us more impetus to continue expanding our operation and being able to make new plantations, always taking care of and selecting the new plants, of which come from the same variety, something we pride ourselves on so that our consumers can value the <strong>dedication and effort<\/strong> which is evident in our oil.\u00a0\u00a0<\/p>\t\t\t\t\t\t<\/div>\n\t\t\t\t<\/div>\n\t\t\t\t\t<\/div>\n\t\t\t\t<\/div>\n\t\t<div class=\"elementor-element elementor-element-94513a9 e-flex e-con-boxed e-con e-parent\" data-id=\"94513a9\" data-element_type=\"container\">\n\t\t\t\t\t<div class=\"e-con-inner\">\n\t\t<div class=\"elementor-element elementor-element-c5a4332 e-grid e-con-boxed e-con e-child\" data-id=\"c5a4332\" data-element_type=\"container\">\n\t\t\t\t\t<div class=\"e-con-inner\">\n\t\t\t\t<div class=\"elementor-element elementor-element-6a6e6f4 e-transform elementor-widget elementor-widget-image\" data-id=\"6a6e6f4\" data-element_type=\"widget\" data-settings=\"{&quot;_transform_scale_effect_hover&quot;:{&quot;unit&quot;:&quot;px&quot;,&quot;size&quot;:1.100000000000000088817841970012523233890533447265625,&quot;sizes&quot;:[]},&quot;_transform_scale_effect_hover_tablet&quot;:{&quot;unit&quot;:&quot;px&quot;,&quot;size&quot;:&quot;&quot;,&quot;sizes&quot;:[]},&quot;_transform_scale_effect_hover_mobile&quot;:{&quot;unit&quot;:&quot;px&quot;,&quot;size&quot;:&quot;&quot;,&quot;sizes&quot;:[]}}\" data-widget_type=\"image.default\">\n\t\t\t\t<div class=\"elementor-widget-container\">\n\t\t\t\t\t\t\t\t\t\t<figure class=\"wp-caption\">\n\t\t\t\t\t\t\t\t\t\t<img decoding=\"async\" width=\"1024\" height=\"683\" src=\"https:\/\/racodepaya.es\/wp-content\/uploads\/2024\/05\/aceite-premium-raco-paya-2-1024x683.webp\" class=\"attachment-large size-large wp-image-1817\" alt=\"\" srcset=\"https:\/\/racodepaya.es\/wp-content\/uploads\/2024\/05\/aceite-premium-raco-paya-2-1024x683.webp 1024w, https:\/\/racodepaya.es\/wp-content\/uploads\/2024\/05\/aceite-premium-raco-paya-2-600x400.webp 600w, https:\/\/racodepaya.es\/wp-content\/uploads\/2024\/05\/aceite-premium-raco-paya-2-300x200.webp 300w, https:\/\/racodepaya.es\/wp-content\/uploads\/2024\/05\/aceite-premium-raco-paya-2-768x512.webp 768w, https:\/\/racodepaya.es\/wp-content\/uploads\/2024\/05\/aceite-premium-raco-paya-2-1536x1024.webp 1536w, https:\/\/racodepaya.es\/wp-content\/uploads\/2024\/05\/aceite-premium-raco-paya-2.webp 1920w\" sizes=\"(max-width: 1024px) 100vw, 1024px\" \/>\t\t\t\t\t\t\t\t\t\t\t<figcaption class=\"widget-image-caption wp-caption-text\">Our oil<\/figcaption>\n\t\t\t\t\t\t\t\t\t\t<\/figure>\n\t\t\t\t\t\t\t<\/div>\n\t\t\t\t<\/div>\n\t\t\t\t<div class=\"elementor-element elementor-element-d235c98 e-transform elementor-widget elementor-widget-image\" data-id=\"d235c98\" data-element_type=\"widget\" data-settings=\"{&quot;_transform_scale_effect_hover&quot;:{&quot;unit&quot;:&quot;px&quot;,&quot;size&quot;:1.100000000000000088817841970012523233890533447265625,&quot;sizes&quot;:[]},&quot;_transform_scale_effect_hover_tablet&quot;:{&quot;unit&quot;:&quot;px&quot;,&quot;size&quot;:&quot;&quot;,&quot;sizes&quot;:[]},&quot;_transform_scale_effect_hover_mobile&quot;:{&quot;unit&quot;:&quot;px&quot;,&quot;size&quot;:&quot;&quot;,&quot;sizes&quot;:[]}}\" data-widget_type=\"image.default\">\n\t\t\t\t<div class=\"elementor-widget-container\">\n\t\t\t\t\t\t\t\t\t\t<figure class=\"wp-caption\">\n\t\t\t\t\t\t\t\t\t\t<img decoding=\"async\" width=\"1024\" height=\"683\" src=\"https:\/\/racodepaya.es\/wp-content\/uploads\/2024\/05\/olivos-2-1024x683.webp\" class=\"attachment-large size-large wp-image-1967\" alt=\"\" srcset=\"https:\/\/racodepaya.es\/wp-content\/uploads\/2024\/05\/olivos-2-1024x683.webp 1024w, https:\/\/racodepaya.es\/wp-content\/uploads\/2024\/05\/olivos-2-300x200.webp 300w, https:\/\/racodepaya.es\/wp-content\/uploads\/2024\/05\/olivos-2-768x512.webp 768w, https:\/\/racodepaya.es\/wp-content\/uploads\/2024\/05\/olivos-2-1536x1024.webp 1536w, https:\/\/racodepaya.es\/wp-content\/uploads\/2024\/05\/olivos-2-600x400.webp 600w, https:\/\/racodepaya.es\/wp-content\/uploads\/2024\/05\/olivos-2.webp 1920w\" sizes=\"(max-width: 1024px) 100vw, 1024px\" \/>\t\t\t\t\t\t\t\t\t\t\t<figcaption class=\"widget-image-caption wp-caption-text\">OUR OLIVE TREES<\/figcaption>\n\t\t\t\t\t\t\t\t\t\t<\/figure>\n\t\t\t\t\t\t\t<\/div>\n\t\t\t\t<\/div>\n\t\t\t\t<div class=\"elementor-element elementor-element-8a09370 e-transform elementor-widget elementor-widget-image\" data-id=\"8a09370\" data-element_type=\"widget\" data-settings=\"{&quot;_transform_scale_effect_hover&quot;:{&quot;unit&quot;:&quot;px&quot;,&quot;size&quot;:1.100000000000000088817841970012523233890533447265625,&quot;sizes&quot;:[]},&quot;_transform_scale_effect_hover_tablet&quot;:{&quot;unit&quot;:&quot;px&quot;,&quot;size&quot;:&quot;&quot;,&quot;sizes&quot;:[]},&quot;_transform_scale_effect_hover_mobile&quot;:{&quot;unit&quot;:&quot;px&quot;,&quot;size&quot;:&quot;&quot;,&quot;sizes&quot;:[]}}\" data-widget_type=\"image.default\">\n\t\t\t\t<div class=\"elementor-widget-container\">\n\t\t\t\t\t\t\t\t\t\t<figure class=\"wp-caption\">\n\t\t\t\t\t\t\t\t\t\t<img loading=\"lazy\" decoding=\"async\" width=\"1024\" height=\"683\" src=\"https:\/\/racodepaya.es\/wp-content\/uploads\/2024\/05\/finca-raco-paya-4-1024x683.webp\" class=\"attachment-large size-large wp-image-1968\" alt=\"\" srcset=\"https:\/\/racodepaya.es\/wp-content\/uploads\/2024\/05\/finca-raco-paya-4-1024x683.webp 1024w, https:\/\/racodepaya.es\/wp-content\/uploads\/2024\/05\/finca-raco-paya-4-300x200.webp 300w, https:\/\/racodepaya.es\/wp-content\/uploads\/2024\/05\/finca-raco-paya-4-768x512.webp 768w, https:\/\/racodepaya.es\/wp-content\/uploads\/2024\/05\/finca-raco-paya-4-1536x1024.webp 1536w, https:\/\/racodepaya.es\/wp-content\/uploads\/2024\/05\/finca-raco-paya-4-600x400.webp 600w, https:\/\/racodepaya.es\/wp-content\/uploads\/2024\/05\/finca-raco-paya-4.webp 1920w\" sizes=\"(max-width: 1024px) 100vw, 1024px\" \/>\t\t\t\t\t\t\t\t\t\t\t<figcaption class=\"widget-image-caption wp-caption-text\">Our farm<\/figcaption>\n\t\t\t\t\t\t\t\t\t\t<\/figure>\n\t\t\t\t\t\t\t<\/div>\n\t\t\t\t<\/div>\n\t\t\t\t\t<\/div>\n\t\t\t\t<\/div>\n\t\t\t\t\t<\/div>\n\t\t\t\t<\/div>\n\t\t\t\t<\/div>","protected":false},"excerpt":{"rendered":"<p>\u00bfQUI\u00c9NES SOMOS? Este proyecto nace hace 5 a\u00f1os a trav\u00e9s de la compra de una finca denominada RAC\u00d3 DE PAY\u00c0. Se trata de una construcci\u00f3n datada a finales del 1700 y cuya construcci\u00f3n y entorno (entre los que se encuentra el olivar) se encontraban totalmente en una situaci\u00f3n desfavorable y de abandono total. A partir [&hellip;]<\/p>","protected":false},"author":1,"featured_media":0,"parent":0,"menu_order":0,"comment_status":"closed","ping_status":"closed","template":"","meta":{"_uag_custom_page_level_css":"","site-sidebar-layout":"no-sidebar","site-content-layout":"page-builder","ast-site-content-layout":"full-width-container","site-content-style":"default","site-sidebar-style":"default","ast-global-header-display":"","ast-banner-title-visibility":"","ast-main-header-display":"","ast-hfb-above-header-display":"","ast-hfb-below-header-display":"","ast-hfb-mobile-header-display":"","site-post-title":"disabled","ast-breadcrumbs-content":"","ast-featured-img":"disabled","footer-sml-layout":"","theme-transparent-header-meta":"","adv-header-id-meta":"","stick-header-meta":"","header-above-stick-meta":"","header-main-stick-meta":"","header-below-stick-meta":"","astra-migrate-meta-layouts":"set","ast-page-background-enabled":"default","ast-page-background-meta":{"desktop":{"background-color":"var(--ast-global-color-4)","background-image":"","background-repeat":"repeat","background-position":"center center","background-size":"auto","background-attachment":"scroll","background-type":"","background-media":"","overlay-type":"","overlay-color":"","overlay-opacity":"","overlay-gradient":""},"tablet":{"background-color":"","background-image":"","background-repeat":"repeat","background-position":"center center","background-size":"auto","background-attachment":"scroll","background-type":"","background-media":"","overlay-type":"","overlay-color":"","overlay-opacity":"","overlay-gradient":""},"mobile":{"background-color":"","background-image":"","background-repeat":"repeat","background-position":"center center","background-size":"auto","background-attachment":"scroll","background-type":"","background-media":"","overlay-type":"","overlay-color":"","overlay-opacity":"","overlay-gradient":""}},"ast-content-background-meta":{"desktop":{"background-color":"var(--ast-global-color-5)","background-image":"","background-repeat":"repeat","background-position":"center center","background-size":"auto","background-attachment":"scroll","background-type":"","background-media":"","overlay-type":"","overlay-color":"","overlay-opacity":"","overlay-gradient":""},"tablet":{"background-color":"var(--ast-global-color-5)","background-image":"","background-repeat":"repeat","background-position":"center center","background-size":"auto","background-attachment":"scroll","background-type":"","background-media":"","overlay-type":"","overlay-color":"","overlay-opacity":"","overlay-gradient":""},"mobile":{"background-color":"var(--ast-global-color-5)","background-image":"","background-repeat":"repeat","background-position":"center center","background-size":"auto","background-attachment":"scroll","background-type":"","background-media":"","overlay-type":"","overlay-color":"","overlay-opacity":"","overlay-gradient":""}},"footnotes":""},"uagb_featured_image_src":{"full":false,"thumbnail":false,"medium":false,"medium_large":false,"large":false,"1536x1536":false,"2048x2048":false,"trp-custom-language-flag":false,"woocommerce_thumbnail":false,"woocommerce_single":false,"woocommerce_gallery_thumbnail":false},"uagb_author_info":{"display_name":"admin","author_link":"https:\/\/racodepaya.es\/en\/author\/admin_racodepaya\/"},"uagb_comment_info":0,"uagb_excerpt":"\u00bfQUI\u00c9NES SOMOS? Este proyecto nace hace 5 a\u00f1os a trav\u00e9s de la compra de una finca denominada RAC\u00d3 DE PAY\u00c0. Se trata de una construcci\u00f3n datada a finales del 1700 y cuya construcci\u00f3n y entorno (entre los que se encuentra el olivar) se encontraban totalmente en una situaci\u00f3n desfavorable y de abandono total. A partir&hellip;","_links":{"self":[{"href":"https:\/\/racodepaya.es\/en\/wp-json\/wp\/v2\/pages\/1832"}],"collection":[{"href":"https:\/\/racodepaya.es\/en\/wp-json\/wp\/v2\/pages"}],"about":[{"href":"https:\/\/racodepaya.es\/en\/wp-json\/wp\/v2\/types\/page"}],"author":[{"embeddable":true,"href":"https:\/\/racodepaya.es\/en\/wp-json\/wp\/v2\/users\/1"}],"replies":[{"embeddable":true,"href":"https:\/\/racodepaya.es\/en\/wp-json\/wp\/v2\/comments?post=1832"}],"version-history":[{"count":89,"href":"https:\/\/racodepaya.es\/en\/wp-json\/wp\/v2\/pages\/1832\/revisions"}],"predecessor-version":[{"id":2788,"href":"https:\/\/racodepaya.es\/en\/wp-json\/wp\/v2\/pages\/1832\/revisions\/2788"}],"wp:attachment":[{"href":"https:\/\/racodepaya.es\/en\/wp-json\/wp\/v2\/media?parent=1832"}],"curies":[{"name":"wp","href":"https:\/\/api.w.org\/{rel}","templated":true}]}}